{"id":16,"date":"2018-11-09T19:32:25","date_gmt":"2018-11-09T19:32:25","guid":{"rendered":"https:\/\/www.scandinavianwilderness.com\/?page_id=16"},"modified":"2019-02-16T12:36:37","modified_gmt":"2019-02-16T12:36:37","slug":"startsida","status":"publish","type":"page","link":"https:\/\/www.scandinavianwilderness.com\/sv\/","title":{"rendered":"Start"},"content":{"rendered":"<h3>Den skandinaviska vildmarken \u00e4r \u00f6ppen \u00e5ret runt f\u00f6r alla att njuta av. Vandra eller \u00e5k skidor i fj\u00e4llen beroende p\u00e5 s\u00e4song. Upplev midnattssolen eller norrsken. Paddla kajak i n\u00e5gon av alla sk\u00e4rg\u00e5rdar eller varf\u00f6r inte i en norsk fjord. Det finns ett \u00e4ventyr f\u00f6r alla i den skandinaviska vildmarken.<\/h3>\n<p>\u00a0<\/p>\n\n\n<ul><li><strong>Skandinavien \u00e4r fullt av vildmark <\/strong>De fyra minst befolkade l\u00e4nderna i Europa \u00e4r Island, Norge, Finland och Sverige. Det betyder att det finns massor av vildmark att utforska utan tr\u00e4ngsel.<\/li><li><strong>Allemansr\u00e4tten<\/strong> Allemansr\u00e4tten tillskrivs ofta de skandinaviska l\u00e4nderna. \u00c4ven om det finns skillnader mellan l\u00e4nderna s\u00e5 \u00e4r grundregeln att man f\u00e5r r\u00f6ra sig fritt i vildmarken.<\/li><li><strong>L\u00e4ttillg\u00e4nglig vildmark<\/strong> Trots all vildmark som finns i skandinavien s\u00e5 \u00e4r en stor del fortfarande relativt l\u00e4ttillg\u00e4nglig d\u00e5 det finns en bred infrastruktur genom l\u00e4nderna. Till exempel s\u00e5 startar en av skandinaviens k\u00e4ndaste vandringsleder, Kungsleden, precis vid t\u00e5gstationen i Abisko som har dagliga f\u00f6rbindelser med Stockholm. <\/li><\/ul>","protected":false},"excerpt":{"rendered":"<p>The Scandinavian Wilderness is for everyone to explore. Hike or ski the mountains depending which season. Enjoy the midnight sun or the aurora. Kayak the archipelago or the Norwegian fjords. Get away in a canoe in the thousands of lakes. There is something for everyone in the Scandinavian Wilderness. \u00a0 Scandinavia is wild. The four &hellip; <\/p>\n<p class=\"link-more\"><a href=\"https:\/\/www.scandinavianwilderness.com\/sv\/\" class=\"more-link\">Forts\u00e4tt l\u00e4sa<span class=\"screen-reader-text\"> \u201dStart\u201d<\/span><\/a><\/p>","protected":false},"author":1,"featured_media":0,"parent":0,"menu_order":0,"comment_status":"closed","ping_status":"closed","template":"","meta":{"_mi_skip_tracking":false,"_exactmetrics_sitenote_active":false,"_exactmetrics_sitenote_note":"","_exactmetrics_sitenote_category":0},"_links":{"self":[{"href":"https:\/\/www.scandinavianwilderness.com\/sv\/wp-json\/wp\/v2\/pages\/16"}],"collection":[{"href":"https:\/\/www.scandinavianwilderness.com\/sv\/wp-json\/wp\/v2\/pages"}],"about":[{"href":"https:\/\/www.scandinavianwilderness.com\/sv\/wp-json\/wp\/v2\/types\/page"}],"author":[{"embeddable":true,"href":"https:\/\/www.scandinavianwilderness.com\/sv\/wp-json\/wp\/v2\/users\/1"}],"replies":[{"embeddable":true,"href":"https:\/\/www.scandinavianwilderness.com\/sv\/wp-json\/wp\/v2\/comments?post=16"}],"version-history":[{"count":7,"href":"https:\/\/www.scandinavianwilderness.com\/sv\/wp-json\/wp\/v2\/pages\/16\/revisions"}],"predecessor-version":[{"id":94,"href":"https:\/\/www.scandinavianwilderness.com\/sv\/wp-json\/wp\/v2\/pages\/16\/revisions\/94"}],"wp:attachment":[{"href":"https:\/\/www.scandinavianwilderness.com\/sv\/wp-json\/wp\/v2\/media?parent=16"}],"curies":[{"name":"wp","href":"https:\/\/api.w.org\/{rel}","templated":true}]}}